{"id":17949,"date":"2022-08-12T07:45:51","date_gmt":"2022-08-12T07:45:51","guid":{"rendered":"https:\/\/exito-translations.nl\/terminos-y-condiciones\/"},"modified":"2024-10-29T14:28:57","modified_gmt":"2024-10-29T14:28:57","slug":"terminos-y-condiciones","status":"publish","type":"page","link":"https:\/\/exito-translations.nl\/es\/terminos-condiciones\/","title":{"rendered":"T\u00e9rminos y Condiciones"},"content":{"rendered":"\n<h1 class=\"wp-block-heading\"><strong>Nuestras condiciones generales y declaraci\u00f3n de privacidad<\/strong><\/h1>\n\n<p><\/p>\n\n<p>Como agencia especializada en traducci\u00f3n y textos, consideramos fundamental ofrecer claridad sobre nuestros servicios y la gesti\u00f3n de sus datos personales. Por ello, hemos redactado nuestras Condiciones Generales y la Declaraci\u00f3n de Privacidad, teniendo en cuenta el Reglamento General de Protecci\u00f3n de Datos (RGPD), que entr\u00f3 en vigor el 25 de mayo de 2018.<\/p>\n\n<p>Nuestras Condiciones Generales detallan nuestras responsabilidades y obligaciones hacia usted como cliente. Incluyen, entre otros aspectos, nuestra forma de trabajo, las condiciones de entrega y nuestra pol\u00edtica de cancelaci\u00f3n.<\/p>\n\n<p>En \u00c9xito, valoramos su privacidad y la transparencia en nuestras pr\u00e1cticas. Nuestra Declaraci\u00f3n de Privacidad explica c\u00f3mo gestionamos sus datos personales. Nos tomamos muy en serio la protecci\u00f3n de su informaci\u00f3n y cumplimos con la legislaci\u00f3n europea sobre privacidad. Puede estar tranquilo, ya que sus datos est\u00e1n seguros con nosotros y solo se utilizar\u00e1n para los fines acordados expl\u00edcitamente.<\/p>\n\n<p>Si tiene alguna pregunta sobre nuestras Condiciones Generales o la Declaraci\u00f3n de Privacidad, no dude en ponerse en contacto con nosotros. Estamos siempre disponibles para ayudarle. Al utilizar nuestros servicios, usted acepta nuestros T\u00e9rminos y Condiciones y nuestra Declaraci\u00f3n de Privacidad. Gracias por confiar en nosotros.<\/p>\n\n<p><a href=\"#\" rel=\"noopener\">Haga clic aqu\u00ed<\/a> para consultar las Condiciones Generales y la Declaraci\u00f3n de Privacidad de \u00c9xito (actualmente solo disponibles en ingl\u00e9s y neerland\u00e9s).<\/p>\n","protected":false},"excerpt":{"rendered":"<p>Nuestras condiciones generales y declaraci\u00f3n de privacidad Como agencia especializada en traducci\u00f3n y textos, consideramos fundamental ofrecer claridad sobre nuestros servicios y la gesti\u00f3n de sus datos personales. Por ello, hemos redactado nuestras Condiciones Generales y la Declaraci\u00f3n de Privacidad, teniendo en cuenta el Reglamento General de Protecci\u00f3n de Datos (RGPD), que entr\u00f3 en vigor [&hellip;]<\/p>\n","protected":false},"author":1,"featured_media":0,"parent":0,"menu_order":0,"comment_status":"closed","ping_status":"closed","template":"","meta":{"_acf_changed":false,"footnotes":""},"class_list":["post-17949","page","type-page","status-publish","hentry"],"acf":[],"yoast_head":"<!-- This site is optimized with the Yoast SEO plugin v27.3 - https:\/\/yoast.com\/product\/yoast-seo-wordpress\/ -->\n<title>T\u00e9rminos y Condiciones - Exito<\/title>\n<meta name=\"description\" content=\"En \u00c9xito, damos gran importancia a la privacidad y la transparencia. Aqu\u00ed tiene el enlace a nuestras condiciones generales y la declaraci\u00f3n de privacidad.\" \/>\n<meta name=\"robots\" content=\"index, follow, max-snippet:-1, max-image-preview:large, max-video-preview:-1\" \/>\n<link rel=\"canonical\" href=\"https:\/\/exito-translations.nl\/es\/terminos-condiciones\/\" \/>\n<meta property=\"og:locale\" content=\"es_ES\" \/>\n<meta property=\"og:type\" content=\"article\" \/>\n<meta property=\"og:title\" content=\"T\u00e9rminos y Condiciones - Exito\" \/>\n<meta property=\"og:description\" content=\"En \u00c9xito, damos gran importancia a la privacidad y la transparencia. Aqu\u00ed tiene el enlace a nuestras condiciones generales y la declaraci\u00f3n de privacidad.\" \/>\n<meta property=\"og:url\" content=\"https:\/\/exito-translations.nl\/es\/terminos-condiciones\/\" \/>\n<meta property=\"og:site_name\" content=\"Exito\" \/>\n<meta property=\"article:modified_time\" content=\"2024-10-29T14:28:57+00:00\" \/>\n<meta name=\"twitter:card\" content=\"summary_large_image\" \/>\n<meta name=\"twitter:label1\" content=\"Tiempo de lectura\" \/>\n\t<meta name=\"twitter:data1\" content=\"1 minuto\" \/>\n<script type=\"application\/ld+json\" class=\"yoast-schema-graph\">{\"@context\":\"https:\\\/\\\/schema.org\",\"@graph\":[{\"@type\":\"WebPage\",\"@id\":\"https:\\\/\\\/exito-translations.nl\\\/es\\\/terminos-condiciones\\\/\",\"url\":\"https:\\\/\\\/exito-translations.nl\\\/es\\\/terminos-condiciones\\\/\",\"name\":\"T\u00e9rminos y Condiciones - Exito\",\"isPartOf\":{\"@id\":\"https:\\\/\\\/exito-translations.nl\\\/es\\\/#website\"},\"datePublished\":\"2022-08-12T07:45:51+00:00\",\"dateModified\":\"2024-10-29T14:28:57+00:00\",\"description\":\"En \u00c9xito, damos gran importancia a la privacidad y la transparencia. Aqu\u00ed tiene el enlace a nuestras condiciones generales y la declaraci\u00f3n de privacidad.\",\"breadcrumb\":{\"@id\":\"https:\\\/\\\/exito-translations.nl\\\/es\\\/terminos-condiciones\\\/#breadcrumb\"},\"inLanguage\":\"es\",\"potentialAction\":[{\"@type\":\"ReadAction\",\"target\":[\"https:\\\/\\\/exito-translations.nl\\\/es\\\/terminos-condiciones\\\/\"]}]},{\"@type\":\"BreadcrumbList\",\"@id\":\"https:\\\/\\\/exito-translations.nl\\\/es\\\/terminos-condiciones\\\/#breadcrumb\",\"itemListElement\":[{\"@type\":\"ListItem\",\"position\":1,\"name\":\"Home\",\"item\":\"https:\\\/\\\/exito-translations.nl\\\/es\\\/\"},{\"@type\":\"ListItem\",\"position\":2,\"name\":\"T\u00e9rminos y Condiciones\"}]},{\"@type\":\"WebSite\",\"@id\":\"https:\\\/\\\/exito-translations.nl\\\/es\\\/#website\",\"url\":\"https:\\\/\\\/exito-translations.nl\\\/es\\\/\",\"name\":\"Exito\",\"description\":\"tekst- en vertaalbureau\",\"potentialAction\":[{\"@type\":\"SearchAction\",\"target\":{\"@type\":\"EntryPoint\",\"urlTemplate\":\"https:\\\/\\\/exito-translations.nl\\\/es\\\/?s={search_term_string}\"},\"query-input\":{\"@type\":\"PropertyValueSpecification\",\"valueRequired\":true,\"valueName\":\"search_term_string\"}}],\"inLanguage\":\"es\"}]}<\/script>\n<!-- \/ Yoast SEO plugin. -->","yoast_head_json":{"title":"T\u00e9rminos y Condiciones - Exito","description":"En \u00c9xito, damos gran importancia a la privacidad y la transparencia. Aqu\u00ed tiene el enlace a nuestras condiciones generales y la declaraci\u00f3n de privacidad.","robots":{"index":"index","follow":"follow","max-snippet":"max-snippet:-1","max-image-preview":"max-image-preview:large","max-video-preview":"max-video-preview:-1"},"canonical":"https:\/\/exito-translations.nl\/es\/terminos-condiciones\/","og_locale":"es_ES","og_type":"article","og_title":"T\u00e9rminos y Condiciones - Exito","og_description":"En \u00c9xito, damos gran importancia a la privacidad y la transparencia. Aqu\u00ed tiene el enlace a nuestras condiciones generales y la declaraci\u00f3n de privacidad.","og_url":"https:\/\/exito-translations.nl\/es\/terminos-condiciones\/","og_site_name":"Exito","article_modified_time":"2024-10-29T14:28:57+00:00","twitter_card":"summary_large_image","twitter_misc":{"Tiempo de lectura":"1 minuto"},"schema":{"@context":"https:\/\/schema.org","@graph":[{"@type":"WebPage","@id":"https:\/\/exito-translations.nl\/es\/terminos-condiciones\/","url":"https:\/\/exito-translations.nl\/es\/terminos-condiciones\/","name":"T\u00e9rminos y Condiciones - Exito","isPartOf":{"@id":"https:\/\/exito-translations.nl\/es\/#website"},"datePublished":"2022-08-12T07:45:51+00:00","dateModified":"2024-10-29T14:28:57+00:00","description":"En \u00c9xito, damos gran importancia a la privacidad y la transparencia. Aqu\u00ed tiene el enlace a nuestras condiciones generales y la declaraci\u00f3n de privacidad.","breadcrumb":{"@id":"https:\/\/exito-translations.nl\/es\/terminos-condiciones\/#breadcrumb"},"inLanguage":"es","potentialAction":[{"@type":"ReadAction","target":["https:\/\/exito-translations.nl\/es\/terminos-condiciones\/"]}]},{"@type":"BreadcrumbList","@id":"https:\/\/exito-translations.nl\/es\/terminos-condiciones\/#breadcrumb","itemListElement":[{"@type":"ListItem","position":1,"name":"Home","item":"https:\/\/exito-translations.nl\/es\/"},{"@type":"ListItem","position":2,"name":"T\u00e9rminos y Condiciones"}]},{"@type":"WebSite","@id":"https:\/\/exito-translations.nl\/es\/#website","url":"https:\/\/exito-translations.nl\/es\/","name":"Exito","description":"tekst- en vertaalbureau","potentialAction":[{"@type":"SearchAction","target":{"@type":"EntryPoint","urlTemplate":"https:\/\/exito-translations.nl\/es\/?s={search_term_string}"},"query-input":{"@type":"PropertyValueSpecification","valueRequired":true,"valueName":"search_term_string"}}],"inLanguage":"es"}]}},"_links":{"self":[{"href":"https:\/\/exito-translations.nl\/es\/wp-json\/wp\/v2\/pages\/17949","targetHints":{"allow":["GET"]}}],"collection":[{"href":"https:\/\/exito-translations.nl\/es\/wp-json\/wp\/v2\/pages"}],"about":[{"href":"https:\/\/exito-translations.nl\/es\/wp-json\/wp\/v2\/types\/page"}],"author":[{"embeddable":true,"href":"https:\/\/exito-translations.nl\/es\/wp-json\/wp\/v2\/users\/1"}],"replies":[{"embeddable":true,"href":"https:\/\/exito-translations.nl\/es\/wp-json\/wp\/v2\/comments?post=17949"}],"version-history":[{"count":3,"href":"https:\/\/exito-translations.nl\/es\/wp-json\/wp\/v2\/pages\/17949\/revisions"}],"predecessor-version":[{"id":17960,"href":"https:\/\/exito-translations.nl\/es\/wp-json\/wp\/v2\/pages\/17949\/revisions\/17960"}],"wp:attachment":[{"href":"https:\/\/exito-translations.nl\/es\/wp-json\/wp\/v2\/media?parent=17949"}],"curies":[{"name":"wp","href":"https:\/\/api.w.org\/{rel}","templated":true}]}}