{"id":17947,"date":"2020-07-25T06:07:25","date_gmt":"2020-07-25T06:07:25","guid":{"rendered":"https:\/\/exito-translations.nl\/404-2\/"},"modified":"2024-10-29T14:28:10","modified_gmt":"2024-10-29T14:28:10","slug":"404-2","status":"publish","type":"page","link":"https:\/\/exito-translations.nl\/es\/oeps-404-lost-in-translation\/","title":{"rendered":"404"},"content":{"rendered":"\t\t<div data-elementor-type=\"wp-page\" data-elementor-id=\"17947\" class=\"elementor elementor-17947 elementor-217\" data-elementor-post-type=\"page\">\n\t\t\t\t\t\t<section class=\"elementor-section elementor-top-section elementor-element elementor-element-64d363e elementor-section-boxed elementor-section-height-default elementor-section-height-default\" data-id=\"64d363e\" data-element_type=\"section\" data-e-type=\"section\" data-settings=\"{&quot;jet_parallax_layout_list&quot;:[{&quot;jet_parallax_layout_image&quot;:{&quot;url&quot;:&quot;&quot;,&quot;id&quot;:&quot;&quot;,&quot;size&quot;:&quot;&quot;},&quot;_id&quot;:&quot;038b014&quot;,&quot;jet_parallax_layout_speed&quot;:{&quot;unit&quot;:&quot;%&quot;,&quot;size&quot;:&quot;50&quot;,&quot;sizes&quot;:[]},&quot;jet_parallax_layout_bg_x&quot;:&quot;50&quot;,&quot;jet_parallax_layout_bg_y&quot;:&quot;50&quot;,&quot;jet_parallax_layout_image_tablet&quot;:{&quot;url&quot;:&quot;&quot;,&quot;id&quot;:&quot;&quot;,&quot;size&quot;:&quot;&quot;},&quot;jet_parallax_layout_image_mobile&quot;:{&quot;url&quot;:&quot;&quot;,&quot;id&quot;:&quot;&quot;,&quot;size&quot;:&quot;&quot;},&quot;jet_parallax_layout_type&quot;:&quot;scroll&quot;,&quot;jet_parallax_layout_direction&quot;:&quot;1&quot;,&quot;jet_parallax_layout_fx_direction&quot;:null,&quot;jet_parallax_layout_z_index&quot;:&quot;&quot;,&quot;jet_parallax_layout_bg_x_tablet&quot;:&quot;&quot;,&quot;jet_parallax_layout_bg_x_mobile&quot;:&quot;&quot;,&quot;jet_parallax_layout_bg_y_tablet&quot;:&quot;&quot;,&quot;jet_parallax_layout_bg_y_mobile&quot;:&quot;&quot;,&quot;jet_parallax_layout_bg_size&quot;:&quot;auto&quot;,&quot;jet_parallax_layout_bg_size_tablet&quot;:&quot;&quot;,&quot;jet_parallax_layout_bg_size_mobile&quot;:&quot;&quot;,&quot;jet_parallax_layout_animation_prop&quot;:&quot;transform&quot;,&quot;jet_parallax_layout_on&quot;:[&quot;desktop&quot;,&quot;tablet&quot;]}],&quot;background_background&quot;:&quot;classic&quot;}\">\n\t\t\t\t\t\t<div class=\"elementor-container elementor-column-gap-no\">\n\t\t\t\t\t<div class=\"elementor-column elementor-col-50 elementor-top-column elementor-element elementor-element-551e5b7\" data-id=\"551e5b7\" data-element_type=\"column\" data-e-type=\"column\">\n\t\t\t<div class=\"elementor-widget-wrap elementor-element-populated\">\n\t\t\t\t\t\t<div class=\"elementor-element elementor-element-e648ad4 elementor-widget elementor-widget-heading\" data-id=\"e648ad4\" data-element_type=\"widget\" data-e-type=\"widget\" data-widget_type=\"heading.default\">\n\t\t\t\t<div class=\"elementor-widget-container\">\n\t\t\t\t\t<h1 class=\"elementor-heading-title elementor-size-default\">\u00a1Oops!<\/h1>\t\t\t\t<\/div>\n\t\t\t\t<\/div>\n\t\t\t\t<div class=\"elementor-element elementor-element-dd710b0 elementor-widget elementor-widget-text-editor\" data-id=\"dd710b0\" data-element_type=\"widget\" data-e-type=\"widget\" data-widget_type=\"text-editor.default\">\n\t\t\t\t<div class=\"elementor-widget-container\">\n\t\t\t\t\t\t\t\t\t<p>Parece que esta p\u00e1gina se ha perdido en la traducci\u00f3n&#8230;<br \/>\nPero no se preocupe, en \u00c9xito estamos aqu\u00ed para ayudarle a encontrar el camino.<\/p>\n<p>\u00bfQuiz\u00e1s le interese alguna de estas p\u00e1ginas?<\/p>\n\t\t\t\t\t\t\t\t<\/div>\n\t\t\t\t<\/div>\n\t\t\t\t<section class=\"elementor-section elementor-inner-section elementor-element elementor-element-8899bc8 elementor-section-boxed elementor-section-height-default elementor-section-height-default\" data-id=\"8899bc8\" data-element_type=\"section\" data-e-type=\"section\" data-settings=\"{&quot;jet_parallax_layout_list&quot;:[{&quot;jet_parallax_layout_image&quot;:{&quot;url&quot;:&quot;&quot;,&quot;id&quot;:&quot;&quot;,&quot;size&quot;:&quot;&quot;},&quot;_id&quot;:&quot;ce4c314&quot;,&quot;jet_parallax_layout_image_tablet&quot;:{&quot;url&quot;:&quot;&quot;,&quot;id&quot;:&quot;&quot;,&quot;size&quot;:&quot;&quot;},&quot;jet_parallax_layout_image_mobile&quot;:{&quot;url&quot;:&quot;&quot;,&quot;id&quot;:&quot;&quot;,&quot;size&quot;:&quot;&quot;},&quot;jet_parallax_layout_speed&quot;:{&quot;unit&quot;:&quot;%&quot;,&quot;size&quot;:50,&quot;sizes&quot;:[]},&quot;jet_parallax_layout_type&quot;:&quot;scroll&quot;,&quot;jet_parallax_layout_direction&quot;:&quot;1&quot;,&quot;jet_parallax_layout_fx_direction&quot;:null,&quot;jet_parallax_layout_z_index&quot;:&quot;&quot;,&quot;jet_parallax_layout_bg_x&quot;:50,&quot;jet_parallax_layout_bg_x_tablet&quot;:&quot;&quot;,&quot;jet_parallax_layout_bg_x_mobile&quot;:&quot;&quot;,&quot;jet_parallax_layout_bg_y&quot;:50,&quot;jet_parallax_layout_bg_y_tablet&quot;:&quot;&quot;,&quot;jet_parallax_layout_bg_y_mobile&quot;:&quot;&quot;,&quot;jet_parallax_layout_bg_size&quot;:&quot;auto&quot;,&quot;jet_parallax_layout_bg_size_tablet&quot;:&quot;&quot;,&quot;jet_parallax_layout_bg_size_mobile&quot;:&quot;&quot;,&quot;jet_parallax_layout_animation_prop&quot;:&quot;transform&quot;,&quot;jet_parallax_layout_on&quot;:[&quot;desktop&quot;,&quot;tablet&quot;]}]}\">\n\t\t\t\t\t\t<div class=\"elementor-container elementor-column-gap-default\">\n\t\t\t\t\t<div class=\"elementor-column elementor-col-33 elementor-inner-column elementor-element elementor-element-9d53f8b\" data-id=\"9d53f8b\" data-element_type=\"column\" data-e-type=\"column\">\n\t\t\t<div class=\"elementor-widget-wrap elementor-element-populated\">\n\t\t\t\t\t\t<div class=\"elementor-element elementor-element-0f7fe24 elementor-widget elementor-widget-button\" data-id=\"0f7fe24\" data-element_type=\"widget\" data-e-type=\"widget\" data-widget_type=\"button.default\">\n\t\t\t\t<div class=\"elementor-widget-container\">\n\t\t\t\t\t\t\t\t\t<div class=\"elementor-button-wrapper\">\n\t\t\t\t\t<a class=\"elementor-button elementor-button-link elementor-size-sm\" href=\"https:\/\/exito-translations.nl\/home-2\/\">\n\t\t\t\t\t\t<span class=\"elementor-button-content-wrapper\">\n\t\t\t\t\t\t\t\t\t<span class=\"elementor-button-text\">Home<\/span>\n\t\t\t\t\t<\/span>\n\t\t\t\t\t<\/a>\n\t\t\t\t<\/div>\n\t\t\t\t\t\t\t\t<\/div>\n\t\t\t\t<\/div>\n\t\t\t\t\t<\/div>\n\t\t<\/div>\n\t\t\t\t<div class=\"elementor-column elementor-col-33 elementor-inner-column elementor-element elementor-element-9d2e8bc\" data-id=\"9d2e8bc\" data-element_type=\"column\" data-e-type=\"column\">\n\t\t\t<div class=\"elementor-widget-wrap elementor-element-populated\">\n\t\t\t\t\t\t<div class=\"elementor-element elementor-element-02fd8fd elementor-widget elementor-widget-button\" data-id=\"02fd8fd\" data-element_type=\"widget\" data-e-type=\"widget\" data-widget_type=\"button.default\">\n\t\t\t\t<div class=\"elementor-widget-container\">\n\t\t\t\t\t\t\t\t\t<div class=\"elementor-button-wrapper\">\n\t\t\t\t\t<a class=\"elementor-button elementor-button-link elementor-size-sm\" href=\"https:\/\/exito-translations.nl\/vertalen\/\">\n\t\t\t\t\t\t<span class=\"elementor-button-content-wrapper\">\n\t\t\t\t\t\t\t\t\t<span class=\"elementor-button-text\">Traducciones<\/span>\n\t\t\t\t\t<\/span>\n\t\t\t\t\t<\/a>\n\t\t\t\t<\/div>\n\t\t\t\t\t\t\t\t<\/div>\n\t\t\t\t<\/div>\n\t\t\t\t\t<\/div>\n\t\t<\/div>\n\t\t\t\t<div class=\"elementor-column elementor-col-33 elementor-inner-column elementor-element elementor-element-b3a7e4c\" data-id=\"b3a7e4c\" data-element_type=\"column\" data-e-type=\"column\">\n\t\t\t<div class=\"elementor-widget-wrap elementor-element-populated\">\n\t\t\t\t\t\t<div class=\"elementor-element elementor-element-b01db2d elementor-widget elementor-widget-button\" data-id=\"b01db2d\" data-element_type=\"widget\" data-e-type=\"widget\" data-widget_type=\"button.default\">\n\t\t\t\t<div class=\"elementor-widget-container\">\n\t\t\t\t\t\t\t\t\t<div class=\"elementor-button-wrapper\">\n\t\t\t\t\t<a class=\"elementor-button elementor-button-link elementor-size-sm\" href=\"https:\/\/exito-translations.nl\/contact\/\">\n\t\t\t\t\t\t<span class=\"elementor-button-content-wrapper\">\n\t\t\t\t\t\t\t\t\t<span class=\"elementor-button-text\">Contacto<\/span>\n\t\t\t\t\t<\/span>\n\t\t\t\t\t<\/a>\n\t\t\t\t<\/div>\n\t\t\t\t\t\t\t\t<\/div>\n\t\t\t\t<\/div>\n\t\t\t\t\t<\/div>\n\t\t<\/div>\n\t\t\t\t\t<\/div>\n\t\t<\/section>\n\t\t\t\t\t<\/div>\n\t\t<\/div>\n\t\t\t\t<div class=\"elementor-column elementor-col-50 elementor-top-column elementor-element elementor-element-c47bbbb\" data-id=\"c47bbbb\" data-element_type=\"column\" data-e-type=\"column\">\n\t\t\t<div class=\"elementor-widget-wrap elementor-element-populated\">\n\t\t\t\t\t\t<div class=\"elementor-element elementor-element-3995e88 elementor-widget elementor-widget-image\" data-id=\"3995e88\" data-element_type=\"widget\" data-e-type=\"widget\" data-widget_type=\"image.default\">\n\t\t\t\t<div class=\"elementor-widget-container\">\n\t\t\t\t\t\t\t\t\t\t\t\t\t\t\t<img fetchpriority=\"high\" decoding=\"async\" width=\"1024\" height=\"530\" src=\"https:\/\/exito-translations.nl\/wp-content\/uploads\/2022\/06\/EXITO-WEB-07-1024x530.jpg\" class=\"attachment-large size-large wp-image-12296\" alt=\"\" srcset=\"https:\/\/exito-translations.nl\/wp-content\/uploads\/2022\/06\/EXITO-WEB-07-1024x530.jpg 1024w, https:\/\/exito-translations.nl\/wp-content\/uploads\/2022\/06\/EXITO-WEB-07-300x155.jpg 300w, https:\/\/exito-translations.nl\/wp-content\/uploads\/2022\/06\/EXITO-WEB-07-768x398.jpg 768w, https:\/\/exito-translations.nl\/wp-content\/uploads\/2022\/06\/EXITO-WEB-07-1536x795.jpg 1536w, https:\/\/exito-translations.nl\/wp-content\/uploads\/2022\/06\/EXITO-WEB-07-2048x1060.jpg 2048w\" sizes=\"(max-width: 1024px) 100vw, 1024px\" \/>\t\t\t\t\t\t\t\t\t\t\t\t\t\t\t<\/div>\n\t\t\t\t<\/div>\n\t\t\t\t\t<\/div>\n\t\t<\/div>\n\t\t\t\t\t<\/div>\n\t\t<\/section>\n\t\t\t\t<\/div>\n\t\t","protected":false},"excerpt":{"rendered":"<p>\u00a1Oops! Parece que esta p\u00e1gina se ha perdido en la traducci\u00f3n&#8230; Pero no se preocupe, en \u00c9xito estamos aqu\u00ed para ayudarle a encontrar el camino. \u00bfQuiz\u00e1s le interese alguna de estas p\u00e1ginas? Home Traducciones Contacto<\/p>\n","protected":false},"author":1,"featured_media":0,"parent":0,"menu_order":0,"comment_status":"closed","ping_status":"closed","template":"full-width.php","meta":{"_acf_changed":false,"footnotes":""},"class_list":["post-17947","page","type-page","status-publish","hentry"],"acf":[],"yoast_head":"<!-- This site is optimized with the Yoast SEO plugin v27.3 - https:\/\/yoast.com\/product\/yoast-seo-wordpress\/ -->\n<title>\u00a1Oops! Parece que esta p\u00e1gina se ha perdido...<\/title>\n<meta name=\"description\" content=\"\u00a1Oops! Parece que esta p\u00e1gina se ha perdido en la traducci\u00f3n... \u00c9xito ayuda\" \/>\n<meta name=\"robots\" content=\"index, follow, max-snippet:-1, max-image-preview:large, max-video-preview:-1\" \/>\n<link rel=\"canonical\" href=\"https:\/\/exito-translations.nl\/es\/oeps-404-lost-in-translation\/\" \/>\n<meta property=\"og:locale\" content=\"es_ES\" \/>\n<meta property=\"og:type\" content=\"article\" \/>\n<meta property=\"og:title\" content=\"\u00a1Oops! Parece que esta p\u00e1gina se ha perdido...\" \/>\n<meta property=\"og:description\" content=\"\u00a1Oops! Parece que esta p\u00e1gina se ha perdido en la traducci\u00f3n... \u00c9xito ayuda\" \/>\n<meta property=\"og:url\" content=\"https:\/\/exito-translations.nl\/es\/oeps-404-lost-in-translation\/\" \/>\n<meta property=\"og:site_name\" content=\"Exito\" \/>\n<meta property=\"article:modified_time\" content=\"2024-10-29T14:28:10+00:00\" \/>\n<meta property=\"og:image\" content=\"https:\/\/exito-translations.nl\/wp-content\/uploads\/2022\/06\/EXITO-WEB-07-1024x530.jpg\" \/>\n<meta name=\"twitter:card\" content=\"summary_large_image\" \/>\n<script type=\"application\/ld+json\" class=\"yoast-schema-graph\">{\"@context\":\"https:\\\/\\\/schema.org\",\"@graph\":[{\"@type\":\"WebPage\",\"@id\":\"https:\\\/\\\/exito-translations.nl\\\/es\\\/oeps-404-lost-in-translation\\\/\",\"url\":\"https:\\\/\\\/exito-translations.nl\\\/es\\\/oeps-404-lost-in-translation\\\/\",\"name\":\"\u00a1Oops! Parece que esta p\u00e1gina se ha perdido...\",\"isPartOf\":{\"@id\":\"https:\\\/\\\/exito-translations.nl\\\/es\\\/#website\"},\"primaryImageOfPage\":{\"@id\":\"https:\\\/\\\/exito-translations.nl\\\/es\\\/oeps-404-lost-in-translation\\\/#primaryimage\"},\"image\":{\"@id\":\"https:\\\/\\\/exito-translations.nl\\\/es\\\/oeps-404-lost-in-translation\\\/#primaryimage\"},\"thumbnailUrl\":\"https:\\\/\\\/exito-translations.nl\\\/wp-content\\\/uploads\\\/2022\\\/06\\\/EXITO-WEB-07-1024x530.jpg\",\"datePublished\":\"2020-07-25T06:07:25+00:00\",\"dateModified\":\"2024-10-29T14:28:10+00:00\",\"description\":\"\u00a1Oops! Parece que esta p\u00e1gina se ha perdido en la traducci\u00f3n... \u00c9xito ayuda\",\"breadcrumb\":{\"@id\":\"https:\\\/\\\/exito-translations.nl\\\/es\\\/oeps-404-lost-in-translation\\\/#breadcrumb\"},\"inLanguage\":\"es\",\"potentialAction\":[{\"@type\":\"ReadAction\",\"target\":[\"https:\\\/\\\/exito-translations.nl\\\/es\\\/oeps-404-lost-in-translation\\\/\"]}]},{\"@type\":\"ImageObject\",\"inLanguage\":\"es\",\"@id\":\"https:\\\/\\\/exito-translations.nl\\\/es\\\/oeps-404-lost-in-translation\\\/#primaryimage\",\"url\":\"https:\\\/\\\/exito-translations.nl\\\/wp-content\\\/uploads\\\/2022\\\/06\\\/EXITO-WEB-07-1024x530.jpg\",\"contentUrl\":\"https:\\\/\\\/exito-translations.nl\\\/wp-content\\\/uploads\\\/2022\\\/06\\\/EXITO-WEB-07-1024x530.jpg\"},{\"@type\":\"BreadcrumbList\",\"@id\":\"https:\\\/\\\/exito-translations.nl\\\/es\\\/oeps-404-lost-in-translation\\\/#breadcrumb\",\"itemListElement\":[{\"@type\":\"ListItem\",\"position\":1,\"name\":\"Home\",\"item\":\"https:\\\/\\\/exito-translations.nl\\\/es\\\/\"},{\"@type\":\"ListItem\",\"position\":2,\"name\":\"404\"}]},{\"@type\":\"WebSite\",\"@id\":\"https:\\\/\\\/exito-translations.nl\\\/es\\\/#website\",\"url\":\"https:\\\/\\\/exito-translations.nl\\\/es\\\/\",\"name\":\"Exito\",\"description\":\"tekst- en vertaalbureau\",\"potentialAction\":[{\"@type\":\"SearchAction\",\"target\":{\"@type\":\"EntryPoint\",\"urlTemplate\":\"https:\\\/\\\/exito-translations.nl\\\/es\\\/?s={search_term_string}\"},\"query-input\":{\"@type\":\"PropertyValueSpecification\",\"valueRequired\":true,\"valueName\":\"search_term_string\"}}],\"inLanguage\":\"es\"}]}<\/script>\n<!-- \/ Yoast SEO plugin. -->","yoast_head_json":{"title":"\u00a1Oops! Parece que esta p\u00e1gina se ha perdido...","description":"\u00a1Oops! Parece que esta p\u00e1gina se ha perdido en la traducci\u00f3n... \u00c9xito ayuda","robots":{"index":"index","follow":"follow","max-snippet":"max-snippet:-1","max-image-preview":"max-image-preview:large","max-video-preview":"max-video-preview:-1"},"canonical":"https:\/\/exito-translations.nl\/es\/oeps-404-lost-in-translation\/","og_locale":"es_ES","og_type":"article","og_title":"\u00a1Oops! Parece que esta p\u00e1gina se ha perdido...","og_description":"\u00a1Oops! Parece que esta p\u00e1gina se ha perdido en la traducci\u00f3n... \u00c9xito ayuda","og_url":"https:\/\/exito-translations.nl\/es\/oeps-404-lost-in-translation\/","og_site_name":"Exito","article_modified_time":"2024-10-29T14:28:10+00:00","og_image":[{"url":"https:\/\/exito-translations.nl\/wp-content\/uploads\/2022\/06\/EXITO-WEB-07-1024x530.jpg","type":"","width":"","height":""}],"twitter_card":"summary_large_image","schema":{"@context":"https:\/\/schema.org","@graph":[{"@type":"WebPage","@id":"https:\/\/exito-translations.nl\/es\/oeps-404-lost-in-translation\/","url":"https:\/\/exito-translations.nl\/es\/oeps-404-lost-in-translation\/","name":"\u00a1Oops! Parece que esta p\u00e1gina se ha perdido...","isPartOf":{"@id":"https:\/\/exito-translations.nl\/es\/#website"},"primaryImageOfPage":{"@id":"https:\/\/exito-translations.nl\/es\/oeps-404-lost-in-translation\/#primaryimage"},"image":{"@id":"https:\/\/exito-translations.nl\/es\/oeps-404-lost-in-translation\/#primaryimage"},"thumbnailUrl":"https:\/\/exito-translations.nl\/wp-content\/uploads\/2022\/06\/EXITO-WEB-07-1024x530.jpg","datePublished":"2020-07-25T06:07:25+00:00","dateModified":"2024-10-29T14:28:10+00:00","description":"\u00a1Oops! Parece que esta p\u00e1gina se ha perdido en la traducci\u00f3n... \u00c9xito ayuda","breadcrumb":{"@id":"https:\/\/exito-translations.nl\/es\/oeps-404-lost-in-translation\/#breadcrumb"},"inLanguage":"es","potentialAction":[{"@type":"ReadAction","target":["https:\/\/exito-translations.nl\/es\/oeps-404-lost-in-translation\/"]}]},{"@type":"ImageObject","inLanguage":"es","@id":"https:\/\/exito-translations.nl\/es\/oeps-404-lost-in-translation\/#primaryimage","url":"https:\/\/exito-translations.nl\/wp-content\/uploads\/2022\/06\/EXITO-WEB-07-1024x530.jpg","contentUrl":"https:\/\/exito-translations.nl\/wp-content\/uploads\/2022\/06\/EXITO-WEB-07-1024x530.jpg"},{"@type":"BreadcrumbList","@id":"https:\/\/exito-translations.nl\/es\/oeps-404-lost-in-translation\/#breadcrumb","itemListElement":[{"@type":"ListItem","position":1,"name":"Home","item":"https:\/\/exito-translations.nl\/es\/"},{"@type":"ListItem","position":2,"name":"404"}]},{"@type":"WebSite","@id":"https:\/\/exito-translations.nl\/es\/#website","url":"https:\/\/exito-translations.nl\/es\/","name":"Exito","description":"tekst- en vertaalbureau","potentialAction":[{"@type":"SearchAction","target":{"@type":"EntryPoint","urlTemplate":"https:\/\/exito-translations.nl\/es\/?s={search_term_string}"},"query-input":{"@type":"PropertyValueSpecification","valueRequired":true,"valueName":"search_term_string"}}],"inLanguage":"es"}]}},"_links":{"self":[{"href":"https:\/\/exito-translations.nl\/es\/wp-json\/wp\/v2\/pages\/17947","targetHints":{"allow":["GET"]}}],"collection":[{"href":"https:\/\/exito-translations.nl\/es\/wp-json\/wp\/v2\/pages"}],"about":[{"href":"https:\/\/exito-translations.nl\/es\/wp-json\/wp\/v2\/types\/page"}],"author":[{"embeddable":true,"href":"https:\/\/exito-translations.nl\/es\/wp-json\/wp\/v2\/users\/1"}],"replies":[{"embeddable":true,"href":"https:\/\/exito-translations.nl\/es\/wp-json\/wp\/v2\/comments?post=17947"}],"version-history":[{"count":1,"href":"https:\/\/exito-translations.nl\/es\/wp-json\/wp\/v2\/pages\/17947\/revisions"}],"predecessor-version":[{"id":17948,"href":"https:\/\/exito-translations.nl\/es\/wp-json\/wp\/v2\/pages\/17947\/revisions\/17948"}],"wp:attachment":[{"href":"https:\/\/exito-translations.nl\/es\/wp-json\/wp\/v2\/media?parent=17947"}],"curies":[{"name":"wp","href":"https:\/\/api.w.org\/{rel}","templated":true}]}}